{"id":392,"date":"2024-07-03T15:10:14","date_gmt":"2024-07-03T19:10:14","guid":{"rendered":"http:\/\/helenemonfort.com\/?page_id=392"},"modified":"2025-09-08T10:40:27","modified_gmt":"2025-09-08T14:40:27","slug":"a-propos","status":"publish","type":"page","link":"https:\/\/helenemonfort.com\/?page_id=392","title":{"rendered":"\u00c0 propos"},"content":{"rendered":"\n<p>[FR] \u00a0H\u00e9l\u00e8ne Monfort est n\u00e9e \u00e0 La Rochelle (France) et vit aujourd\u2019hui \u00e0 Montr\u00e9al. Elle a \u00e9tudi\u00e9 l\u2019Histoire de l\u2019art \u00e0 l\u2019Universit\u00e9 de Bordeaux ainsi que les Arts appliqu\u00e9s \u00e0 Paris. Tr\u00e8s attach\u00e9e \u00e0 la pratique de l\u2019aquarelle \u2014 dont certaines reproductions sont diffus\u00e9es au Qu\u00e9bec et publi\u00e9es en France \u2014, elle a progressivement orient\u00e9 sa recherche vers le volume, cr\u00e9ant des \u0153uvres en acrylique rehauss\u00e9es de broderies de fils de laine et de coton.Dans son travail, elle explore les liens sensibles que nous entretenons avec les territoires que nous habitons ou que nous traversons. Son immigration au Qu\u00e9bec l\u2019a conduite \u00e0 s\u2019interroger sur ce qui nous d\u00e9finit au-del\u00e0 du lieu de r\u00e9sidence, et sur ce que nous transportons avec nous dans de nouveaux environnements. Elle s\u2019est alors tourn\u00e9e vers ses souvenirs, qui ne conservent que l\u2019essentiel : une lumi\u00e8re, des couleurs, une sensation, une ambiance \u2014 des fragments qui se m\u00ealent \u00e0 une perception plus nette du pr\u00e9sent.Ses cr\u00e9ations t\u00e9moignent d\u2019un style singulier, o\u00f9 la vitalit\u00e9 de la perception s\u2019exprime \u00e0 la fois dans l\u2019esth\u00e9tique et dans la technique. Sa pratique se d\u00e9ploie dans une double cadence : d\u2019un c\u00f4t\u00e9, la spontan\u00e9it\u00e9 et la rapidit\u00e9 du geste pictural, qui laisse place \u00e0 une part d\u2019al\u00e9atoire ; de l\u2019autre, la rigueur et la minutie du travail brod\u00e9, inscrit dans le temps et le contr\u00f4le. De cette tension na\u00eet un dialogue constant entre nos espaces int\u00e9rieurs, mais aussi entre diff\u00e9rents lieux, cultures, et entre pass\u00e9 et pr\u00e9sent.\u00a0<\/p>\n\n\n\n<p>[EN] \u00a0H\u00e9l\u00e8ne Monfort was born in La Rochelle, France, and now lives in Montreal. She studied Art History at the University of Bordeaux and Applied Arts in Paris. Deeply attached to watercolor \u2014 with reproductions distributed in Quebec and published in France \u2014 she gradually shifted her research toward volume, creating acrylic works enhanced with embroidery in wool and cotton threads.In her practice, she explores the sensitive connections we maintain with the territories we inhabit or traverse. Her immigration to Quebec led her to reflect on what defines us beyond the place where we live, and on what we carry with us into new environments. She turned to her memories, which preserve only what is essential: a light, colors, a sensation, an atmosphere \u2014 fragments that blend with her sharper perception of the present.Her creations reflect a distinctive style, where the vitality of perception emerges both in aesthetics and in technique. Her practice unfolds in a dual rhythm: on the one hand, the spontaneity and speed of the painted gesture, leaving room for randomness; on the other, the rigor and precision of embroidery, rooted in time and control. From this tension arises a constant dialogue between our inner spaces, as well as between different places, cultures, and between past and present.<\/p>\n\n\n\n<figure class=\"wp-block-image size-full\"><img loading=\"lazy\" decoding=\"async\" width=\"1365\" height=\"1568\" src=\"https:\/\/helenemonfort.com\/wp-content\/uploads\/2025\/09\/Helene-Monfort-110-plus-clair-1.jpg\" alt=\"\" class=\"wp-image-687\" srcset=\"https:\/\/helenemonfort.com\/wp-content\/uploads\/2025\/09\/Helene-Monfort-110-plus-clair-1.jpg 1365w, https:\/\/helenemonfort.com\/wp-content\/uploads\/2025\/09\/Helene-Monfort-110-plus-clair-1-261x300.jpg 261w, https:\/\/helenemonfort.com\/wp-content\/uploads\/2025\/09\/Helene-Monfort-110-plus-clair-1-891x1024.jpg 891w, https:\/\/helenemonfort.com\/wp-content\/uploads\/2025\/09\/Helene-Monfort-110-plus-clair-1-768x882.jpg 768w, https:\/\/helenemonfort.com\/wp-content\/uploads\/2025\/09\/Helene-Monfort-110-plus-clair-1-1337x1536.jpg 1337w, https:\/\/helenemonfort.com\/wp-content\/uploads\/2025\/09\/Helene-Monfort-110-plus-clair-1-1080x1241.jpg 1080w\" sizes=\"auto, (max-width: 1365px) 100vw, 1365px\" \/><figcaption class=\"wp-element-caption\"><em><a href=\"https:\/\/www.derrieretamarque.com\/\">Cr\u00e9dit photo : Am\u00e9lie P\u00e9drini<\/a><\/em><\/figcaption><\/figure>\n\n\n\n<div style=\"height:100px\" aria-hidden=\"true\" class=\"wp-block-spacer\"><\/div>\n\n\n\n<p><\/p>\n","protected":false},"excerpt":{"rendered":"<p>[FR] \u00a0H\u00e9l\u00e8ne Monfort est n\u00e9e \u00e0 La Rochelle (France) et vit aujourd\u2019hui \u00e0 Montr\u00e9al. Elle a \u00e9tudi\u00e9 l\u2019Histoire de l\u2019art \u00e0 l\u2019Universit\u00e9 de Bordeaux ainsi que les Arts appliqu\u00e9s \u00e0 Paris. Tr\u00e8s attach\u00e9e \u00e0 la pratique de l\u2019aquarelle \u2014 dont certaines reproductions sont diffus\u00e9es au Qu\u00e9bec et publi\u00e9es en France \u2014, elle a progressivement orient\u00e9&hellip;<\/p>\n","protected":false},"author":1,"featured_media":0,"parent":0,"menu_order":0,"comment_status":"closed","ping_status":"closed","template":"","meta":{"cybocfi_hide_featured_image":"","footnotes":""},"class_list":["post-392","page","type-page","status-publish","hentry"],"_links":{"self":[{"href":"https:\/\/helenemonfort.com\/index.php?rest_route=\/wp\/v2\/pages\/392","targetHints":{"allow":["GET"]}}],"collection":[{"href":"https:\/\/helenemonfort.com\/index.php?rest_route=\/wp\/v2\/pages"}],"about":[{"href":"https:\/\/helenemonfort.com\/index.php?rest_route=\/wp\/v2\/types\/page"}],"author":[{"embeddable":true,"href":"https:\/\/helenemonfort.com\/index.php?rest_route=\/wp\/v2\/users\/1"}],"replies":[{"embeddable":true,"href":"https:\/\/helenemonfort.com\/index.php?rest_route=%2Fwp%2Fv2%2Fcomments&post=392"}],"version-history":[{"count":19,"href":"https:\/\/helenemonfort.com\/index.php?rest_route=\/wp\/v2\/pages\/392\/revisions"}],"predecessor-version":[{"id":688,"href":"https:\/\/helenemonfort.com\/index.php?rest_route=\/wp\/v2\/pages\/392\/revisions\/688"}],"wp:attachment":[{"href":"https:\/\/helenemonfort.com\/index.php?rest_route=%2Fwp%2Fv2%2Fmedia&parent=392"}],"curies":[{"name":"wp","href":"https:\/\/api.w.org\/{rel}","templated":true}]}}